{"id":2054,"date":"2024-12-13T11:54:03","date_gmt":"2024-12-13T16:54:03","guid":{"rendered":"https:\/\/autorepuestospincay.com\/?post_type=product&#038;p=2054"},"modified":"2024-12-13T11:56:43","modified_gmt":"2024-12-13T16:56:43","slug":"banda-distribucion-dayco","status":"publish","type":"product","link":"https:\/\/autorepuestospincay.com\/index.php\/product\/banda-distribucion-dayco\/","title":{"rendered":"Banda Distribuci\u00f3n DAYCO"},"content":{"rendered":"","protected":false},"excerpt":{"rendered":"<p>Banda automotriz o correa distribuci\u00f3n para veh\u00edculo liviano<\/p>\n","protected":false},"featured_media":2055,"comment_status":"closed","ping_status":"closed","template":"","meta":[],"product_cat":[65],"product_tag":[53,83],"class_list":{"0":"post-2054","1":"product","2":"type-product","3":"status-publish","4":"has-post-thumbnail","6":"product_cat-bandas","7":"product_tag-banda","8":"product_tag-dayco","10":"first","11":"onbackorder","12":"shipping-taxable","13":"product-type-variable"},"_links":{"self":[{"href":"https:\/\/autorepuestospincay.com\/index.php\/wp-json\/wp\/v2\/product\/2054","targetHints":{"allow":["GET"]}}],"collection":[{"href":"https:\/\/autorepuestospincay.com\/index.php\/wp-json\/wp\/v2\/product"}],"about":[{"href":"https:\/\/autorepuestospincay.com\/index.php\/wp-json\/wp\/v2\/types\/product"}],"replies":[{"embeddable":true,"href":"https:\/\/autorepuestospincay.com\/index.php\/wp-json\/wp\/v2\/comments?post=2054"}],"wp:featuredmedia":[{"embeddable":true,"href":"https:\/\/autorepuestospincay.com\/index.php\/wp-json\/wp\/v2\/media\/2055"}],"wp:attachment":[{"href":"https:\/\/autorepuestospincay.com\/index.php\/wp-json\/wp\/v2\/media?parent=2054"}],"wp:term":[{"taxonomy":"product_cat","embeddable":true,"href":"https:\/\/autorepuestospincay.com\/index.php\/wp-json\/wp\/v2\/product_cat?post=2054"},{"taxonomy":"product_tag","embeddable":true,"href":"https:\/\/autorepuestospincay.com\/index.php\/wp-json\/wp\/v2\/product_tag?post=2054"}],"curies":[{"name":"wp","href":"https:\/\/api.w.org\/{rel}","templated":true}]}}