{"id":2050,"date":"2024-12-11T22:16:42","date_gmt":"2024-12-12T03:16:42","guid":{"rendered":"https:\/\/autorepuestospincay.com\/?post_type=product&#038;p=2050"},"modified":"2024-12-13T11:47:10","modified_gmt":"2024-12-13T16:47:10","slug":"motor-arranque","status":"publish","type":"product","link":"https:\/\/autorepuestospincay.com\/index.php\/product\/motor-arranque\/","title":{"rendered":"Motor Arranque"},"content":{"rendered":"","protected":false},"excerpt":{"rendered":"<p>Un motor de arranque es un componente clave en los veh\u00edculos que convierte la energ\u00eda el\u00e9ctrica de la bater\u00eda en energ\u00eda mec\u00e1nica para poner en marcha el motor. Su funci\u00f3n es iniciar el proceso de encendido girando el cig\u00fce\u00f1al a una velocidad suficiente para activar el sistema de combusti\u00f3n interna<\/p>\n","protected":false},"featured_media":2051,"comment_status":"closed","ping_status":"closed","template":"","meta":[],"product_cat":[82],"product_tag":[84,86,85],"class_list":{"0":"post-2050","1":"product","2":"type-product","3":"status-publish","4":"has-post-thumbnail","6":"product_cat-alternadorarranque","7":"product_tag-alternador","8":"product_tag-autorepuestospincay","9":"product_tag-motor-de-arranque","11":"first","12":"onbackorder","13":"shipping-taxable","14":"product-type-variable"},"_links":{"self":[{"href":"https:\/\/autorepuestospincay.com\/index.php\/wp-json\/wp\/v2\/product\/2050","targetHints":{"allow":["GET"]}}],"collection":[{"href":"https:\/\/autorepuestospincay.com\/index.php\/wp-json\/wp\/v2\/product"}],"about":[{"href":"https:\/\/autorepuestospincay.com\/index.php\/wp-json\/wp\/v2\/types\/product"}],"replies":[{"embeddable":true,"href":"https:\/\/autorepuestospincay.com\/index.php\/wp-json\/wp\/v2\/comments?post=2050"}],"wp:featuredmedia":[{"embeddable":true,"href":"https:\/\/autorepuestospincay.com\/index.php\/wp-json\/wp\/v2\/media\/2051"}],"wp:attachment":[{"href":"https:\/\/autorepuestospincay.com\/index.php\/wp-json\/wp\/v2\/media?parent=2050"}],"wp:term":[{"taxonomy":"product_cat","embeddable":true,"href":"https:\/\/autorepuestospincay.com\/index.php\/wp-json\/wp\/v2\/product_cat?post=2050"},{"taxonomy":"product_tag","embeddable":true,"href":"https:\/\/autorepuestospincay.com\/index.php\/wp-json\/wp\/v2\/product_tag?post=2050"}],"curies":[{"name":"wp","href":"https:\/\/api.w.org\/{rel}","templated":true}]}}