{"id":2021,"date":"2024-11-28T15:26:26","date_gmt":"2024-11-28T14:26:26","guid":{"rendered":"https:\/\/autorepuestospincay.com\/?post_type=product&#038;p=2021"},"modified":"2024-12-13T12:03:46","modified_gmt":"2024-12-13T17:03:46","slug":"bateria-bosh","status":"publish","type":"product","link":"https:\/\/autorepuestospincay.com\/index.php\/product\/bateria-bosh\/","title":{"rendered":"Bateria BOSH"},"content":{"rendered":"","protected":false},"excerpt":{"rendered":"<p class=\"tg-10-padding-p\">Somos el proveedor de L\u00ednea y Servicios Automotrices preferido de mayoristas, minoristas y p\u00fablico en general, por nuestra disponibilidad de productos, variedad y asesor\u00eda de nuestro personal.<\/p>\n","protected":false},"featured_media":2056,"comment_status":"open","ping_status":"closed","template":"","meta":[],"product_cat":[81],"product_tag":[87,88],"class_list":{"0":"post-2021","1":"product","2":"type-product","3":"status-publish","4":"has-post-thumbnail","6":"product_cat-baterias","7":"product_tag-bateria","8":"product_tag-bosh","10":"first","11":"onbackorder","12":"featured","13":"shipping-taxable","14":"purchasable","15":"product-type-variable"},"_links":{"self":[{"href":"https:\/\/autorepuestospincay.com\/index.php\/wp-json\/wp\/v2\/product\/2021","targetHints":{"allow":["GET"]}}],"collection":[{"href":"https:\/\/autorepuestospincay.com\/index.php\/wp-json\/wp\/v2\/product"}],"about":[{"href":"https:\/\/autorepuestospincay.com\/index.php\/wp-json\/wp\/v2\/types\/product"}],"replies":[{"embeddable":true,"href":"https:\/\/autorepuestospincay.com\/index.php\/wp-json\/wp\/v2\/comments?post=2021"}],"wp:featuredmedia":[{"embeddable":true,"href":"https:\/\/autorepuestospincay.com\/index.php\/wp-json\/wp\/v2\/media\/2056"}],"wp:attachment":[{"href":"https:\/\/autorepuestospincay.com\/index.php\/wp-json\/wp\/v2\/media?parent=2021"}],"wp:term":[{"taxonomy":"product_cat","embeddable":true,"href":"https:\/\/autorepuestospincay.com\/index.php\/wp-json\/wp\/v2\/product_cat?post=2021"},{"taxonomy":"product_tag","embeddable":true,"href":"https:\/\/autorepuestospincay.com\/index.php\/wp-json\/wp\/v2\/product_tag?post=2021"}],"curies":[{"name":"wp","href":"https:\/\/api.w.org\/{rel}","templated":true}]}}