{"id":1489,"date":"2023-05-25T07:09:30","date_gmt":"2023-05-25T07:09:30","guid":{"rendered":"https:\/\/themeholy.com\/wordpress\/malen\/?post_type=product&#038;p=1489"},"modified":"2024-12-13T12:08:50","modified_gmt":"2024-12-13T17:08:50","slug":"discosdefreno","status":"publish","type":"product","link":"https:\/\/autorepuestospincay.com\/index.php\/product\/discosdefreno\/","title":{"rendered":"Discos de Freno HIPERFRENOS"},"content":{"rendered":"","protected":false},"excerpt":{"rendered":"<p class=\"tg-10-padding-p\">Los frenos y el sistema de detenci\u00f3n es uno de los principales elementos activos del veh\u00edculo en materia de seguridad y eficacia en la conducci\u00f3n bajo cualquier circunstancia. Son fundamentales al circular, permitiendo la detenci\u00f3n del veh\u00edculo, pero sufren un desgaste que disminuye su efectividad y que, eventualmente, obliga a su sustituci\u00f3n.<\/p>\n<p class=\"tg-10-padding-p\">Como destacados del sistema figuran pastillas y discos delanteros y traseros, aunque no son los \u00fanicos que sufren desgaste ni los \u00fanicos que obligan a cambios a medida que pasa el tiempo y los kil\u00f3metros.<\/p>\n","protected":false},"featured_media":1483,"comment_status":"open","ping_status":"closed","template":"","meta":[],"product_cat":[64],"product_tag":[66,94,67],"class_list":{"0":"post-1489","1":"product","2":"type-product","3":"status-publish","4":"has-post-thumbnail","6":"product_cat-frenos","7":"product_tag-frenos","8":"product_tag-hiperfrenos","9":"product_tag-pastillas-de-freno","11":"first","12":"onbackorder","13":"featured","14":"shipping-taxable","15":"purchasable","16":"product-type-variable"},"_links":{"self":[{"href":"https:\/\/autorepuestospincay.com\/index.php\/wp-json\/wp\/v2\/product\/1489","targetHints":{"allow":["GET"]}}],"collection":[{"href":"https:\/\/autorepuestospincay.com\/index.php\/wp-json\/wp\/v2\/product"}],"about":[{"href":"https:\/\/autorepuestospincay.com\/index.php\/wp-json\/wp\/v2\/types\/product"}],"replies":[{"embeddable":true,"href":"https:\/\/autorepuestospincay.com\/index.php\/wp-json\/wp\/v2\/comments?post=1489"}],"wp:featuredmedia":[{"embeddable":true,"href":"https:\/\/autorepuestospincay.com\/index.php\/wp-json\/wp\/v2\/media\/1483"}],"wp:attachment":[{"href":"https:\/\/autorepuestospincay.com\/index.php\/wp-json\/wp\/v2\/media?parent=1489"}],"wp:term":[{"taxonomy":"product_cat","embeddable":true,"href":"https:\/\/autorepuestospincay.com\/index.php\/wp-json\/wp\/v2\/product_cat?post=1489"},{"taxonomy":"product_tag","embeddable":true,"href":"https:\/\/autorepuestospincay.com\/index.php\/wp-json\/wp\/v2\/product_tag?post=1489"}],"curies":[{"name":"wp","href":"https:\/\/api.w.org\/{rel}","templated":true}]}}